{"id":46,"date":"2024-03-28T11:33:23","date_gmt":"2024-03-28T11:33:23","guid":{"rendered":"https:\/\/hautarzt-moedling.at\/?page_id=46"},"modified":"2025-02-10T20:36:51","modified_gmt":"2025-02-10T20:36:51","slug":"dr-michael-zloczower","status":"publish","type":"page","link":"https:\/\/hautarzt-moedling.at\/index.php\/dr-michael-zloczower\/","title":{"rendered":"Dr. Michael Zloczower"},"content":{"rendered":"\n<figure class=\"wp-block-image aligncenter size-large is-resized\"><img loading=\"lazy\" decoding=\"async\" width=\"913\" height=\"1024\" src=\"https:\/\/hautarzt-moedling.at\/wp-content\/uploads\/2024\/03\/Dr-Zloczower-neu-913x1024.jpg\" alt=\"Dr. Michael Zloczower\" class=\"wp-image-60\" style=\"aspect-ratio:1;object-fit:contain;width:450px\"\/><figcaption class=\"wp-element-caption\">Dr. Michael Zloczower<\/figcaption><\/figure>\n\n\n\n<p>Im Juni 1996 er\u00f6ffnete Dr. Michael Zloczower seine Ordination als Hautarzt in M\u00f6dling und blickt nun auf eine Erfahrung an \u00fcber 36.000 von ihm behandelten Patienten zur\u00fcck. Seit 1. April ist er <strong>Wahlarzt aller Kassen<\/strong>.<\/p>\n\n\n\n<ul class=\"wp-block-list\">\n<li>Studium der Medizin an der Universit\u00e4t in Wien bis 1987.<\/li>\n\n\n\n<li>Bis 1993: Universit\u00e4tsklinik Innsbruck. Ausbildung zum Facharzt der Dermatologie<\/li>\n\n\n\n<li>Bis 1994: Wilhelminenspital der Gemeinde Wien. Abteilungen f\u00fcr Innere Medizin, Plastische Chirurgie.<\/li>\n\n\n\n<li>Bis Mai 1996: Donauspital der Gemeinde Wien. Facharzt f\u00fcr Dermatologie.<\/li>\n\n\n\n<li>Seit Juni 1996: Dermatologische Kassenordination in M\u00f6dling<\/li>\n\n\n\n<li><strong>Seit 1. April 2024:<\/strong> Wahlarzt aller Kassen in M\u00f6dling.<\/li>\n<\/ul>\n\n\n\n<h3 class=\"wp-block-heading\"><br>Dr. Michael Zloczower &#8211; meine Philosophie<\/h3>\n\n\n\n<p>Ohne Untersuchung keine Diagnose. Ohne Diagnose keine Behandlung. Voraussetzung f\u00fcr eine gute \/ richtige Behandlung ist daher eine gr\u00fcndliche Untersuchung. <\/p>\n\n\n\n<p>Darunter versteht der Dermatologe die Untersuchung des gesamten Hautorgans. So wie der Facharzt f\u00fcr HNO bei Beschwerden im linken Ohr nicht nur dieses, sondern auch das rechte Ohr und den Hals\/Rachen usw. untersucht, braucht der Hautarzt zwar nicht immer, aber oft eine Statuserhebung des gesamten Hautorgans. Der Schl\u00fcssel zur richtigen Diagnose liegt oft jenseits der Ver\u00e4nderung wegen welcher der\/die PatientIn haut\u00e4rztliche Hilfe sucht. Im Zuge dieser Statuierung findet auch zeitgleich eine Hautkrebsvorsorge statt.<br><br>2016 wurde Dr. Michael Zloczower in einer Umfrage des Trend Magazins zu den besten \u00c4rzten \u00d6sterreichs gew\u00e4hlt. Auf der Webseite der Ordination in Wien finden Sie einen <a href=\"https:\/\/www.hautarzt-wien6.at\/presse\/\" target=\"_blank\" rel=\"noreferrer noopener\">Auszug des Presseartikels<\/a>.<\/p>\n\n\n\n<div class=\"wp-block-group alignfull has-base-background-color has-background has-global-padding is-layout-constrained wp-container-core-group-is-layout-490fa1db wp-block-group-is-layout-constrained\" style=\"padding-top:var(--wp--preset--spacing--50);padding-right:var(--wp--preset--spacing--50);padding-bottom:var(--wp--preset--spacing--50);padding-left:var(--wp--preset--spacing--50)\">\n<figure class=\"wp-block-gallery alignwide has-nested-images columns-default is-cropped wp-block-gallery-2 is-layout-flex wp-block-gallery-is-layout-flex\">\n<figure class=\"wp-block-image size-full is-style-rounded is-style-rounded--1\"><img loading=\"lazy\" decoding=\"async\" width=\"1500\" height=\"430\" data-id=\"10\" src=\"https:\/\/hautarzt-moedling.at\/wp-content\/uploads\/2024\/03\/Ordination-Rahlgasse-Wien-Hautarzt-Dr.Zloczower.jpg\" alt=\"Hautarzt M\u00f6dling Dr. Michael Zloczower\" class=\"wp-image-10\" title=\"Hautarzt M\u00f6dling Dr. Michael Zloczower\" srcset=\"https:\/\/hautarzt-moedling.at\/wp-content\/uploads\/2024\/03\/Ordination-Rahlgasse-Wien-Hautarzt-Dr.Zloczower.jpg 1500w, https:\/\/hautarzt-moedling.at\/wp-content\/uploads\/2024\/03\/Ordination-Rahlgasse-Wien-Hautarzt-Dr.Zloczower-300x86.jpg 300w, https:\/\/hautarzt-moedling.at\/wp-content\/uploads\/2024\/03\/Ordination-Rahlgasse-Wien-Hautarzt-Dr.Zloczower-1024x294.jpg 1024w, https:\/\/hautarzt-moedling.at\/wp-content\/uploads\/2024\/03\/Ordination-Rahlgasse-Wien-Hautarzt-Dr.Zloczower-768x220.jpg 768w\" sizes=\"auto, (max-width: 1500px) 100vw, 1500px\" \/><\/figure>\n<\/figure>\n<\/div>\n","protected":false},"excerpt":{"rendered":"<p>Im Juni 1996 er\u00f6ffnete Dr. Michael Zloczower seine Ordination als Hautarzt in M\u00f6dling und blickt nun auf eine Erfahrung an \u00fcber 36.000 von ihm behandelten Patienten zur\u00fcck. Seit 1. April ist er Wahlarzt aller Kassen. Dr. Michael Zloczower &#8211; meine Philosophie Ohne Untersuchung keine Diagnose. Ohne Diagnose keine Behandlung. Voraussetzung f\u00fcr eine gute \/ richtige [&hellip;]<\/p>\n","protected":false},"author":2,"featured_media":0,"parent":0,"menu_order":1,"comment_status":"closed","ping_status":"closed","template":"","meta":{"footnotes":""},"class_list":["post-46","page","type-page","status-publish","hentry"],"yoast_head":"<!-- This site is optimized with the Yoast SEO plugin v24.4 - https:\/\/yoast.com\/wordpress\/plugins\/seo\/ -->\n<title>Dr. Michael Zloczower - Hautarzt in M\u00f6dling<\/title>\n<meta name=\"description\" content=\"Dr. Michael Zloczower - Hautarzt in M\u00f6dling. Im Juni 1996 Ordinationser\u00f6ffnung in M\u00f6dling. Erfahrung mit \u00fcber 36.000 behandelten Patienten.\" \/>\n<meta name=\"robots\" content=\"index, follow, max-snippet:-1, max-image-preview:large, max-video-preview:-1\" \/>\n<link rel=\"canonical\" href=\"https:\/\/hautarzt-moedling.at\/index.php\/dr-michael-zloczower\/\" \/>\n<meta property=\"og:locale\" content=\"de_DE\" \/>\n<meta property=\"og:type\" content=\"article\" \/>\n<meta property=\"og:title\" content=\"Dr. Michael Zloczower - Hautarzt in M\u00f6dling\" \/>\n<meta property=\"og:description\" content=\"Dr. Michael Zloczower - Hautarzt in M\u00f6dling. Im Juni 1996 Ordinationser\u00f6ffnung in M\u00f6dling. Erfahrung mit \u00fcber 36.000 behandelten Patienten.\" \/>\n<meta property=\"og:url\" content=\"https:\/\/hautarzt-moedling.at\/index.php\/dr-michael-zloczower\/\" \/>\n<meta property=\"og:site_name\" content=\"Hautarzt - 2340 M\u00f6dling\" \/>\n<meta property=\"article:modified_time\" content=\"2025-02-10T20:36:51+00:00\" \/>\n<meta property=\"og:image\" content=\"https:\/\/hautarzt-moedling.at\/wp-content\/uploads\/2024\/03\/Dr-Zloczower-neu-e1739216933483.jpg\" \/>\n\t<meta property=\"og:image:width\" content=\"800\" \/>\n\t<meta property=\"og:image:height\" content=\"897\" \/>\n\t<meta property=\"og:image:type\" content=\"image\/jpeg\" \/>\n<meta name=\"twitter:card\" content=\"summary_large_image\" \/>\n<meta name=\"twitter:label1\" content=\"Gesch\u00e4tzte Lesezeit\" \/>\n\t<meta name=\"twitter:data1\" content=\"2 Minuten\" \/>\n<script type=\"application\/ld+json\" class=\"yoast-schema-graph\">{\"@context\":\"https:\/\/schema.org\",\"@graph\":[{\"@type\":\"WebPage\",\"@id\":\"https:\/\/hautarzt-moedling.at\/index.php\/dr-michael-zloczower\/\",\"url\":\"https:\/\/hautarzt-moedling.at\/index.php\/dr-michael-zloczower\/\",\"name\":\"Dr. Michael Zloczower - Hautarzt in M\u00f6dling\",\"isPartOf\":{\"@id\":\"https:\/\/hautarzt-moedling.at\/#website\"},\"primaryImageOfPage\":{\"@id\":\"https:\/\/hautarzt-moedling.at\/index.php\/dr-michael-zloczower\/#primaryimage\"},\"image\":{\"@id\":\"https:\/\/hautarzt-moedling.at\/index.php\/dr-michael-zloczower\/#primaryimage\"},\"thumbnailUrl\":\"https:\/\/hautarzt-moedling.at\/wp-content\/uploads\/2024\/03\/Dr-Zloczower-neu-913x1024.jpg\",\"datePublished\":\"2024-03-28T11:33:23+00:00\",\"dateModified\":\"2025-02-10T20:36:51+00:00\",\"description\":\"Dr. Michael Zloczower - Hautarzt in M\u00f6dling. Im Juni 1996 Ordinationser\u00f6ffnung in M\u00f6dling. Erfahrung mit \u00fcber 36.000 behandelten Patienten.\",\"breadcrumb\":{\"@id\":\"https:\/\/hautarzt-moedling.at\/index.php\/dr-michael-zloczower\/#breadcrumb\"},\"inLanguage\":\"de-AT\",\"potentialAction\":[{\"@type\":\"ReadAction\",\"target\":[\"https:\/\/hautarzt-moedling.at\/index.php\/dr-michael-zloczower\/\"]}]},{\"@type\":\"ImageObject\",\"inLanguage\":\"de-AT\",\"@id\":\"https:\/\/hautarzt-moedling.at\/index.php\/dr-michael-zloczower\/#primaryimage\",\"url\":\"https:\/\/hautarzt-moedling.at\/wp-content\/uploads\/2024\/03\/Dr-Zloczower-neu-e1739216933483.jpg\",\"contentUrl\":\"https:\/\/hautarzt-moedling.at\/wp-content\/uploads\/2024\/03\/Dr-Zloczower-neu-e1739216933483.jpg\",\"width\":800,\"height\":897,\"caption\":\"Dr. Michael Zloczower\"},{\"@type\":\"BreadcrumbList\",\"@id\":\"https:\/\/hautarzt-moedling.at\/index.php\/dr-michael-zloczower\/#breadcrumb\",\"itemListElement\":[{\"@type\":\"ListItem\",\"position\":1,\"name\":\"Startseite\",\"item\":\"https:\/\/hautarzt-moedling.at\/\"},{\"@type\":\"ListItem\",\"position\":2,\"name\":\"Dr. Michael Zloczower\"}]},{\"@type\":\"WebSite\",\"@id\":\"https:\/\/hautarzt-moedling.at\/#website\",\"url\":\"https:\/\/hautarzt-moedling.at\/\",\"name\":\"Hautarzt - 2340 M\u00f6dling\",\"description\":\"Ordination Dr. Michael ZLOCZOWER\",\"publisher\":{\"@id\":\"https:\/\/hautarzt-moedling.at\/#organization\"},\"potentialAction\":[{\"@type\":\"SearchAction\",\"target\":{\"@type\":\"EntryPoint\",\"urlTemplate\":\"https:\/\/hautarzt-moedling.at\/?s={search_term_string}\"},\"query-input\":{\"@type\":\"PropertyValueSpecification\",\"valueRequired\":true,\"valueName\":\"search_term_string\"}}],\"inLanguage\":\"de-AT\"},{\"@type\":\"Organization\",\"@id\":\"https:\/\/hautarzt-moedling.at\/#organization\",\"name\":\"Dr. Michael ZLOCZOWER\",\"url\":\"https:\/\/hautarzt-moedling.at\/\",\"logo\":{\"@type\":\"ImageObject\",\"inLanguage\":\"de-AT\",\"@id\":\"https:\/\/hautarzt-moedling.at\/#\/schema\/logo\/image\/\",\"url\":\"https:\/\/hautarzt-moedling.at\/wp-content\/uploads\/2024\/03\/Portraet-Dr-Zlowczower.jpg\",\"contentUrl\":\"https:\/\/hautarzt-moedling.at\/wp-content\/uploads\/2024\/03\/Portraet-Dr-Zlowczower.jpg\",\"width\":301,\"height\":447,\"caption\":\"Dr. Michael ZLOCZOWER\"},\"image\":{\"@id\":\"https:\/\/hautarzt-moedling.at\/#\/schema\/logo\/image\/\"}}]}<\/script>\n<!-- \/ Yoast SEO plugin. -->","yoast_head_json":{"title":"Dr. Michael Zloczower - Hautarzt in M\u00f6dling","description":"Dr. Michael Zloczower - Hautarzt in M\u00f6dling. Im Juni 1996 Ordinationser\u00f6ffnung in M\u00f6dling. Erfahrung mit \u00fcber 36.000 behandelten Patienten.","robots":{"index":"index","follow":"follow","max-snippet":"max-snippet:-1","max-image-preview":"max-image-preview:large","max-video-preview":"max-video-preview:-1"},"canonical":"https:\/\/hautarzt-moedling.at\/index.php\/dr-michael-zloczower\/","og_locale":"de_DE","og_type":"article","og_title":"Dr. Michael Zloczower - Hautarzt in M\u00f6dling","og_description":"Dr. Michael Zloczower - Hautarzt in M\u00f6dling. Im Juni 1996 Ordinationser\u00f6ffnung in M\u00f6dling. Erfahrung mit \u00fcber 36.000 behandelten Patienten.","og_url":"https:\/\/hautarzt-moedling.at\/index.php\/dr-michael-zloczower\/","og_site_name":"Hautarzt - 2340 M\u00f6dling","article_modified_time":"2025-02-10T20:36:51+00:00","og_image":[{"width":800,"height":897,"url":"https:\/\/hautarzt-moedling.at\/wp-content\/uploads\/2024\/03\/Dr-Zloczower-neu-e1739216933483.jpg","type":"image\/jpeg"}],"twitter_card":"summary_large_image","twitter_misc":{"Gesch\u00e4tzte Lesezeit":"2 Minuten"},"schema":{"@context":"https:\/\/schema.org","@graph":[{"@type":"WebPage","@id":"https:\/\/hautarzt-moedling.at\/index.php\/dr-michael-zloczower\/","url":"https:\/\/hautarzt-moedling.at\/index.php\/dr-michael-zloczower\/","name":"Dr. Michael Zloczower - Hautarzt in M\u00f6dling","isPartOf":{"@id":"https:\/\/hautarzt-moedling.at\/#website"},"primaryImageOfPage":{"@id":"https:\/\/hautarzt-moedling.at\/index.php\/dr-michael-zloczower\/#primaryimage"},"image":{"@id":"https:\/\/hautarzt-moedling.at\/index.php\/dr-michael-zloczower\/#primaryimage"},"thumbnailUrl":"https:\/\/hautarzt-moedling.at\/wp-content\/uploads\/2024\/03\/Dr-Zloczower-neu-913x1024.jpg","datePublished":"2024-03-28T11:33:23+00:00","dateModified":"2025-02-10T20:36:51+00:00","description":"Dr. Michael Zloczower - Hautarzt in M\u00f6dling. Im Juni 1996 Ordinationser\u00f6ffnung in M\u00f6dling. Erfahrung mit \u00fcber 36.000 behandelten Patienten.","breadcrumb":{"@id":"https:\/\/hautarzt-moedling.at\/index.php\/dr-michael-zloczower\/#breadcrumb"},"inLanguage":"de-AT","potentialAction":[{"@type":"ReadAction","target":["https:\/\/hautarzt-moedling.at\/index.php\/dr-michael-zloczower\/"]}]},{"@type":"ImageObject","inLanguage":"de-AT","@id":"https:\/\/hautarzt-moedling.at\/index.php\/dr-michael-zloczower\/#primaryimage","url":"https:\/\/hautarzt-moedling.at\/wp-content\/uploads\/2024\/03\/Dr-Zloczower-neu-e1739216933483.jpg","contentUrl":"https:\/\/hautarzt-moedling.at\/wp-content\/uploads\/2024\/03\/Dr-Zloczower-neu-e1739216933483.jpg","width":800,"height":897,"caption":"Dr. Michael Zloczower"},{"@type":"BreadcrumbList","@id":"https:\/\/hautarzt-moedling.at\/index.php\/dr-michael-zloczower\/#breadcrumb","itemListElement":[{"@type":"ListItem","position":1,"name":"Startseite","item":"https:\/\/hautarzt-moedling.at\/"},{"@type":"ListItem","position":2,"name":"Dr. Michael Zloczower"}]},{"@type":"WebSite","@id":"https:\/\/hautarzt-moedling.at\/#website","url":"https:\/\/hautarzt-moedling.at\/","name":"Hautarzt - 2340 M\u00f6dling","description":"Ordination Dr. Michael ZLOCZOWER","publisher":{"@id":"https:\/\/hautarzt-moedling.at\/#organization"},"potentialAction":[{"@type":"SearchAction","target":{"@type":"EntryPoint","urlTemplate":"https:\/\/hautarzt-moedling.at\/?s={search_term_string}"},"query-input":{"@type":"PropertyValueSpecification","valueRequired":true,"valueName":"search_term_string"}}],"inLanguage":"de-AT"},{"@type":"Organization","@id":"https:\/\/hautarzt-moedling.at\/#organization","name":"Dr. Michael ZLOCZOWER","url":"https:\/\/hautarzt-moedling.at\/","logo":{"@type":"ImageObject","inLanguage":"de-AT","@id":"https:\/\/hautarzt-moedling.at\/#\/schema\/logo\/image\/","url":"https:\/\/hautarzt-moedling.at\/wp-content\/uploads\/2024\/03\/Portraet-Dr-Zlowczower.jpg","contentUrl":"https:\/\/hautarzt-moedling.at\/wp-content\/uploads\/2024\/03\/Portraet-Dr-Zlowczower.jpg","width":301,"height":447,"caption":"Dr. Michael ZLOCZOWER"},"image":{"@id":"https:\/\/hautarzt-moedling.at\/#\/schema\/logo\/image\/"}}]}},"_links":{"self":[{"href":"https:\/\/hautarzt-moedling.at\/index.php\/wp-json\/wp\/v2\/pages\/46","targetHints":{"allow":["GET"]}}],"collection":[{"href":"https:\/\/hautarzt-moedling.at\/index.php\/wp-json\/wp\/v2\/pages"}],"about":[{"href":"https:\/\/hautarzt-moedling.at\/index.php\/wp-json\/wp\/v2\/types\/page"}],"author":[{"embeddable":true,"href":"https:\/\/hautarzt-moedling.at\/index.php\/wp-json\/wp\/v2\/users\/2"}],"replies":[{"embeddable":true,"href":"https:\/\/hautarzt-moedling.at\/index.php\/wp-json\/wp\/v2\/comments?post=46"}],"version-history":[{"count":14,"href":"https:\/\/hautarzt-moedling.at\/index.php\/wp-json\/wp\/v2\/pages\/46\/revisions"}],"predecessor-version":[{"id":395,"href":"https:\/\/hautarzt-moedling.at\/index.php\/wp-json\/wp\/v2\/pages\/46\/revisions\/395"}],"wp:attachment":[{"href":"https:\/\/hautarzt-moedling.at\/index.php\/wp-json\/wp\/v2\/media?parent=46"}],"curies":[{"name":"wp","href":"https:\/\/api.w.org\/{rel}","templated":true}]}}