{"id":49,"date":"2024-03-28T11:44:28","date_gmt":"2024-03-28T11:44:28","guid":{"rendered":"https:\/\/hautarzt-moedling.at\/?page_id=49"},"modified":"2025-02-13T14:16:12","modified_gmt":"2025-02-13T14:16:12","slug":"leistungsspektrum","status":"publish","type":"page","link":"https:\/\/hautarzt-moedling.at\/index.php\/leistungsspektrum\/","title":{"rendered":"Unser Leistungsspektrum"},"content":{"rendered":"\n<p>Wir bieten ein umfassendes Leistungsspektrum. Folgende Techniken finden in der Ordination Anwendung.<\/p>\n\n\n\n<figure class=\"wp-block-image size-full is-resized\"><img loading=\"lazy\" decoding=\"async\" width=\"409\" height=\"273\" src=\"https:\/\/hautarzt-moedling.at\/wp-content\/uploads\/2025\/02\/Mole-max-leer-720x720-1-e1739200008654-edited.jpg\" alt=\"Leistungsspektrum, Mole Max, Dermatoskopie\" class=\"wp-image-399\" style=\"aspect-ratio:3\/2;object-fit:contain;width:620px;height:auto\" srcset=\"https:\/\/hautarzt-moedling.at\/wp-content\/uploads\/2025\/02\/Mole-max-leer-720x720-1-e1739200008654-edited.jpg 409w, https:\/\/hautarzt-moedling.at\/wp-content\/uploads\/2025\/02\/Mole-max-leer-720x720-1-e1739200008654-edited-300x200.jpg 300w\" sizes=\"auto, (max-width: 409px) 100vw, 409px\" \/><figcaption class=\"wp-element-caption\">Leistungsspektrum: Mole Max, Dermatoskopie, Chirurgie und weitere<\/figcaption><\/figure>\n\n\n\n<h3 class=\"wp-block-heading\">Dermatoskopie<\/h3>\n\n\n\n<p>Diese ist zum essentiellen Bestandteil der klinischen Dermatologie geworden. Oder anders formuliert \u2013 Dermatologie ohne Dermatoskopie ist heute kaum vorstellbar. In der Hautkrebserkennung vor und Nachsorge spielt die Dermatoskopie eine zentrale Rolle die aber nur in der Hand des entsprechend ausgebildeten und erfahrenen Arztes\/ \u00c4rztin zur Geltung kommen kann. Dar\u00fcber hinaus ist dieses diagnostisches Instrument auch bei vielen anderen im Raum stehenden Krankheitsbildern zur Diagnosefindung hilfreich.&nbsp;<\/p>\n\n\n\n<h3 class=\"wp-block-heading\">Chirurgie<\/h3>\n\n\n\n<p>Operative Entfernung von Hautkrebsen ( Schwarz und hell) von Muttermalen die ein hohes Risiko haben zum schwarzen Hautkrebs zu werden f\u00fchre ich in meiner Ordination durch. Schwierige \/ gr\u00f6\u00dfere Eingriffe werden station\u00e4r mitunter in Kooperation eines plastischen Chirurgen durchgef\u00fchrt. Weiters werden Epidermiszysten ( \u201eAtherome\u201c \u201eTalgdr\u00fcsen\u201c im Volksmund) verschiedene gutartige aber oftmals st\u00f6rende Ver\u00e4nderungen wie verschiedene Keratosen , Neurinome, Histiozytome operativ entfernt.<\/p>\n\n\n\n<h3 class=\"wp-block-heading\">Kryotherapie (K\u00e4ltebehandlung)<\/h3>\n\n\n\n<p>Diese Methode ist seit Jahrzehnten in der Dermatologie eingef\u00fchrt und erlaubt ein sehr breites Spektrum von Krankheiten schnell, elegant, effektiv zu behandeln. Von vulg\u00e4ren Warzen bis zur aktinischen Keratose (Heller Hautkrebs) Feigwarzen, \u201eAlterswarzen\u201c Dellwarzen Keratoakanthome, ja sogar flache Basaliome, Rumpfhautbasaliome&nbsp; (Heller Hautkrebs) k\u00f6nnen mit dieser Methode behandelt und kontrolliert werden.<\/p>\n\n\n\n<h3 class=\"wp-block-heading\">HF Chirurgie<\/h3>\n\n\n\n<p>HF steht f\u00fcr Hochfrequenz. (Elektrokaustik) Diese Technik findet Anwendung bei der Abtragung von Fibromen Warzen und&nbsp; anderen Hautver\u00e4nderungen.<\/p>\n\n\n\n<h4 class=\"wp-block-heading\">Mole Max. (= Digitale Speicherung dermatoskopischer Bilder)<\/h4>\n\n\n\n<p>Diese Technik erlaubt es objektiv festzustellen ob und wie sich pigmentierte oder nicht pigmentierte Hautl\u00e4sionen ver\u00e4ndern und entwickeln. Insbesondere Patienten\/innen mit erh\u00f6htem Risiko f\u00fcr Hautkrebs oder bereits Zustand nach solchem ist diese Untersuchung zu empfehlen.<\/p>\n\n\n\n<h4 class=\"wp-block-heading\">Hausbesuche<\/h4>\n\n\n\n<p>Nach Vereinbarung werden Hausbesuche durchgef\u00fchrt.<\/p>\n\n\n\n<h4 class=\"wp-block-heading\">Blutabnahmen<\/h4>\n\n\n\n<p>Werden jeden Donnerstag und Freitag in der fr\u00fch bei mir gemacht. Seit 1996 arbeite ich mit dem Labor Dr. Greiner und dem Allergieambulatorium Hall\/Tirol zusammen. Stuhl und Harnproben k\u00f6nnen abgegeben werden.<\/p>\n\n\n\n<h4 class=\"wp-block-heading\">Phototherapie<\/h4>\n\n\n\n<p>PUVA&nbsp; UVA UVB Therapie. Die Behandlung mit lang und kurzwelligen UV Strahlen bei Psoriasis, Atopischer Dermatitis polymorphem Lichterythem oder Lymphomen der Haut mit oder ohne Photosensibiliserer (\u201ePsoralen\u201c) biete ich an.<\/p>\n\n\n\n<h4 class=\"wp-block-heading\">Laser<\/h4>\n\n\n\n<p>Zur Ausstattung meiner Ordination geh\u00f6rt ein Erbium\/YAG Laser. Damit k\u00f6nnen meistens kosmetisch st\u00f6rende Ver\u00e4nderungen mittels \u201eDebulking\u201c (aus dem Englischen) abgetragen und dennoch einer feingeweblichen Untersuchung zugef\u00fchrt werden. Milien, kleine wei\u00df durchschimmernde halbkugelige Kn\u00f6tchen, lassen sich mit dem Erbium Laser sehr gut behandeln.<\/p>\n\n\n\n<h4 class=\"wp-block-heading\">Licht- und Dunkelfeldmikroskopie<\/h4>\n\n\n\n<p>Zur Abkl\u00e4rung sexuell \u00fcbertragbarer Erkrankungen, Pilzerkrankungen, Blasen bildender Erkrankungen.<\/p>\n\n\n\n<h4 class=\"wp-block-heading\">Wundbehandlungen \u2013 Venenleiden<\/h4>\n\n\n\n<p>Gegebenenfalls werden bei Thrombosen oder Thrombophlebitis die unbeliebten aber sehr effektiven Fixverb\u00e4nde angelegt. Venenver\u00f6dung, Doppler Sonographie stehen zur Verf\u00fcgung.<\/p>\n\n\n\n<h4 class=\"wp-block-heading\">\u201eUrlaubsdermatosen\u201c<\/h4>\n\n\n\n<p>Vom Mitbringsel aus dem Strandurlaub in den Tropen bis zum Sonnenbrand am Baggersee und den dazwischen liegenden Insektenstichen Spinnenbissen Zeckenbissen mit oder ohne Wanderr\u00f6te werden erkannt und behandelt.<\/p>\n\n\n\n<p><\/p>\n\n\n\n<div class=\"wp-block-columns is-layout-flex wp-container-core-columns-is-layout-28f84493 wp-block-columns-is-layout-flex\">\n<div class=\"wp-block-column is-layout-flow wp-block-column-is-layout-flow\" style=\"flex-basis:100%\">\n<figure class=\"wp-block-gallery has-nested-images columns-default is-cropped wp-block-gallery-5 is-layout-flex wp-block-gallery-is-layout-flex\">\n<figure class=\"wp-block-image size-large is-style-rounded is-style-rounded--1\"><img loading=\"lazy\" decoding=\"async\" width=\"893\" height=\"1024\" data-id=\"83\" src=\"https:\/\/hautarzt-moedling.at\/wp-content\/uploads\/2024\/03\/Mole-max-bearbeitet-1-893x1024.jpg\" alt=\"Leistungsspektrum: Dermatoskopie, Mole Max. Digitale Speicherung dermatoskopischer Bilder\" class=\"wp-image-83\" title=\"Leistungsspektrum\" srcset=\"https:\/\/hautarzt-moedling.at\/wp-content\/uploads\/2024\/03\/Mole-max-bearbeitet-1-893x1024.jpg 893w, https:\/\/hautarzt-moedling.at\/wp-content\/uploads\/2024\/03\/Mole-max-bearbeitet-1-262x300.jpg 262w, https:\/\/hautarzt-moedling.at\/wp-content\/uploads\/2024\/03\/Mole-max-bearbeitet-1-768x881.jpg 768w, https:\/\/hautarzt-moedling.at\/wp-content\/uploads\/2024\/03\/Mole-max-bearbeitet-1.jpg 1265w\" sizes=\"auto, (max-width: 893px) 100vw, 893px\" \/><figcaption class=\"wp-element-caption\">Mole Max. Digitale Speicherung dermatoskopischer Bilder<\/figcaption><\/figure>\n\n\n\n<figure class=\"wp-block-image size-large is-style-rounded is-style-rounded--2\"><img loading=\"lazy\" decoding=\"async\" width=\"640\" height=\"1024\" data-id=\"95\" src=\"https:\/\/hautarzt-moedling.at\/wp-content\/uploads\/2024\/03\/Phototherapie-640x1024.jpg\" alt=\"Leistungsspektrum: Phototherapie, Kryotherapie\" class=\"wp-image-95\" title=\"Phototherapie\" srcset=\"https:\/\/hautarzt-moedling.at\/wp-content\/uploads\/2024\/03\/Phototherapie-640x1024.jpg 640w, https:\/\/hautarzt-moedling.at\/wp-content\/uploads\/2024\/03\/Phototherapie-188x300.jpg 188w, https:\/\/hautarzt-moedling.at\/wp-content\/uploads\/2024\/03\/Phototherapie-768x1229.jpg 768w, https:\/\/hautarzt-moedling.at\/wp-content\/uploads\/2024\/03\/Phototherapie-960x1536.jpg 960w, https:\/\/hautarzt-moedling.at\/wp-content\/uploads\/2024\/03\/Phototherapie.jpg 1005w\" sizes=\"auto, (max-width: 640px) 100vw, 640px\" \/><figcaption class=\"wp-element-caption\">Phototherapie<\/figcaption><\/figure>\n\n\n\n<figure class=\"wp-block-image size-large is-style-rounded is-style-rounded--3\"><img loading=\"lazy\" decoding=\"async\" width=\"617\" height=\"1024\" data-id=\"97\" src=\"https:\/\/hautarzt-moedling.at\/wp-content\/uploads\/2024\/03\/Behandlungsraum2-617x1024.jpg\" alt=\"Leistungsspektrum: Chirurgie, Behandlungsraum\" class=\"wp-image-97\" title=\"Chirurgie Behandlungsraum\" srcset=\"https:\/\/hautarzt-moedling.at\/wp-content\/uploads\/2024\/03\/Behandlungsraum2-617x1024.jpg 617w, https:\/\/hautarzt-moedling.at\/wp-content\/uploads\/2024\/03\/Behandlungsraum2-181x300.jpg 181w, https:\/\/hautarzt-moedling.at\/wp-content\/uploads\/2024\/03\/Behandlungsraum2-768x1274.jpg 768w, https:\/\/hautarzt-moedling.at\/wp-content\/uploads\/2024\/03\/Behandlungsraum2-926x1536.jpg 926w, https:\/\/hautarzt-moedling.at\/wp-content\/uploads\/2024\/03\/Behandlungsraum2-scaled.jpg 1543w\" sizes=\"auto, (max-width: 617px) 100vw, 617px\" \/><figcaption class=\"wp-element-caption\">Behandlungsraum<\/figcaption><\/figure>\n\n\n\n<figure class=\"wp-block-image size-large is-style-rounded is-style-rounded--4\"><img loading=\"lazy\" decoding=\"async\" width=\"1018\" height=\"1024\" data-id=\"183\" src=\"https:\/\/hautarzt-moedling.at\/wp-content\/uploads\/2024\/04\/Mole-max-leer-1018x1024.jpg\" alt=\"Leistungsspektrum: Mole Max, Laser, Wundbehandlungen\" class=\"wp-image-183\" title=\"Laser, Wundbehandlungen\" srcset=\"https:\/\/hautarzt-moedling.at\/wp-content\/uploads\/2024\/04\/Mole-max-leer-1018x1024.jpg 1018w, https:\/\/hautarzt-moedling.at\/wp-content\/uploads\/2024\/04\/Mole-max-leer-298x300.jpg 298w, https:\/\/hautarzt-moedling.at\/wp-content\/uploads\/2024\/04\/Mole-max-leer-150x150.jpg 150w, https:\/\/hautarzt-moedling.at\/wp-content\/uploads\/2024\/04\/Mole-max-leer-768x772.jpg 768w, https:\/\/hautarzt-moedling.at\/wp-content\/uploads\/2024\/04\/Mole-max-leer-1527x1536.jpg 1527w, https:\/\/hautarzt-moedling.at\/wp-content\/uploads\/2024\/04\/Mole-max-leer.jpg 1933w\" sizes=\"auto, (max-width: 1018px) 100vw, 1018px\" \/><figcaption class=\"wp-element-caption\">Mole Max Digitale Speicherung dermatoskopischer Bilder<\/figcaption><\/figure>\n<\/figure>\n<\/div>\n<\/div>\n\n\n\n<h4 class=\"wp-block-heading\">Geschlechtskrankheiten\/ STD&nbsp; <br>(Sexually transmitted diseases)<br><\/h4>\n\n\n\n<div class=\"wp-block-group has-global-padding is-layout-constrained wp-block-group-is-layout-constrained\">\n<p>Zur Abkl\u00e4rung dieser Krankheiten werden Mikroskopie, Kulturen, DNA Amplifikationen und serologische Methoden in Zusammenarbeit mit Speziallaboratorien eingesetzt. Die Abnahme des zu untersuchenden Materials ist meistens nicht sehr angenehm dauert aber nur kurz und ist absolut zur Diagnosesicherung notwendig.&nbsp;<\/p>\n\n\n\n<p>Umfangreiche Informationen zu den verschiedenen Behandlungsformen meines Leistungsspektrums finden Sie auch auf der <a href=\"https:\/\/www.hautarzt-wien6.at\/behandlungsmethoden\/\" target=\"_blank\" rel=\"noreferrer noopener\">Webseite meiner Ordination in Wien<\/a>.<\/p>\n<\/div>\n\n\n\n<div class=\"wp-block-group alignfull has-base-background-color has-background has-global-padding is-layout-constrained wp-container-core-group-is-layout-249fa92f wp-block-group-is-layout-constrained\" style=\"border-style:none;border-width:0px;padding-top:var(--wp--preset--spacing--30);padding-right:var(--wp--preset--spacing--60);padding-bottom:var(--wp--preset--spacing--30);padding-left:var(--wp--preset--spacing--60)\">\n<hr class=\"wp-block-separator has-alpha-channel-opacity is-style-default\" style=\"margin-top:0;margin-bottom:0\"\/>\n<\/div>\n","protected":false},"excerpt":{"rendered":"<p>Wir bieten ein umfassendes Leistungsspektrum. Folgende Techniken finden in der Ordination Anwendung. Dermatoskopie Diese ist zum essentiellen Bestandteil der klinischen Dermatologie geworden. Oder anders formuliert \u2013 Dermatologie ohne Dermatoskopie ist heute kaum vorstellbar. In der Hautkrebserkennung vor und Nachsorge spielt die Dermatoskopie eine zentrale Rolle die aber nur in der Hand des entsprechend ausgebildeten und [&hellip;]<\/p>\n","protected":false},"author":2,"featured_media":0,"parent":0,"menu_order":2,"comment_status":"closed","ping_status":"closed","template":"","meta":{"footnotes":""},"class_list":["post-49","page","type-page","status-publish","hentry"],"yoast_head":"<!-- This site is optimized with the Yoast SEO plugin v24.4 - https:\/\/yoast.com\/wordpress\/plugins\/seo\/ -->\n<title>Unser Leistungsspektrum<\/title>\n<meta name=\"description\" content=\"Zu meinem Leistungsspektrum geh\u00f6ren unter anderem: Dermatoskopie, Chirurgie, Kryotherapie, Phototherapie, Laser, Wundbehandlungen uvm.\" \/>\n<meta name=\"robots\" content=\"index, follow, max-snippet:-1, max-image-preview:large, max-video-preview:-1\" \/>\n<link rel=\"canonical\" href=\"https:\/\/hautarzt-moedling.at\/index.php\/leistungsspektrum\/\" \/>\n<meta property=\"og:locale\" content=\"de_DE\" \/>\n<meta property=\"og:type\" content=\"article\" \/>\n<meta property=\"og:title\" content=\"Unser Leistungsspektrum\" \/>\n<meta property=\"og:description\" content=\"Zu meinem Leistungsspektrum geh\u00f6ren unter anderem: Dermatoskopie, Chirurgie, Kryotherapie, Phototherapie, Laser, Wundbehandlungen uvm.\" \/>\n<meta property=\"og:url\" content=\"https:\/\/hautarzt-moedling.at\/index.php\/leistungsspektrum\/\" \/>\n<meta property=\"og:site_name\" content=\"Hautarzt - 2340 M\u00f6dling\" \/>\n<meta property=\"article:modified_time\" content=\"2025-02-13T14:16:12+00:00\" \/>\n<meta property=\"og:image\" content=\"https:\/\/hautarzt-moedling.at\/wp-content\/uploads\/2025\/02\/Mole-max-leer-720x720-1-e1739200008654-edited.jpg\" \/>\n\t<meta property=\"og:image:width\" content=\"409\" \/>\n\t<meta property=\"og:image:height\" content=\"273\" \/>\n\t<meta property=\"og:image:type\" content=\"image\/jpeg\" \/>\n<meta name=\"twitter:card\" content=\"summary_large_image\" \/>\n<meta name=\"twitter:label1\" content=\"Gesch\u00e4tzte Lesezeit\" \/>\n\t<meta name=\"twitter:data1\" content=\"4 Minuten\" \/>\n<script type=\"application\/ld+json\" class=\"yoast-schema-graph\">{\"@context\":\"https:\/\/schema.org\",\"@graph\":[{\"@type\":\"WebPage\",\"@id\":\"https:\/\/hautarzt-moedling.at\/index.php\/leistungsspektrum\/\",\"url\":\"https:\/\/hautarzt-moedling.at\/index.php\/leistungsspektrum\/\",\"name\":\"Unser Leistungsspektrum\",\"isPartOf\":{\"@id\":\"https:\/\/hautarzt-moedling.at\/#website\"},\"primaryImageOfPage\":{\"@id\":\"https:\/\/hautarzt-moedling.at\/index.php\/leistungsspektrum\/#primaryimage\"},\"image\":{\"@id\":\"https:\/\/hautarzt-moedling.at\/index.php\/leistungsspektrum\/#primaryimage\"},\"thumbnailUrl\":\"https:\/\/hautarzt-moedling.at\/wp-content\/uploads\/2025\/02\/Mole-max-leer-720x720-1-e1739200008654-edited.jpg\",\"datePublished\":\"2024-03-28T11:44:28+00:00\",\"dateModified\":\"2025-02-13T14:16:12+00:00\",\"description\":\"Zu meinem Leistungsspektrum geh\u00f6ren unter anderem: Dermatoskopie, Chirurgie, Kryotherapie, Phototherapie, Laser, Wundbehandlungen uvm.\",\"breadcrumb\":{\"@id\":\"https:\/\/hautarzt-moedling.at\/index.php\/leistungsspektrum\/#breadcrumb\"},\"inLanguage\":\"de-AT\",\"potentialAction\":[{\"@type\":\"ReadAction\",\"target\":[\"https:\/\/hautarzt-moedling.at\/index.php\/leistungsspektrum\/\"]}]},{\"@type\":\"ImageObject\",\"inLanguage\":\"de-AT\",\"@id\":\"https:\/\/hautarzt-moedling.at\/index.php\/leistungsspektrum\/#primaryimage\",\"url\":\"https:\/\/hautarzt-moedling.at\/wp-content\/uploads\/2025\/02\/Mole-max-leer-720x720-1-e1739200008654-edited.jpg\",\"contentUrl\":\"https:\/\/hautarzt-moedling.at\/wp-content\/uploads\/2025\/02\/Mole-max-leer-720x720-1-e1739200008654-edited.jpg\",\"width\":409,\"height\":273,\"caption\":\"Leistungsspektrum, Mole Max, Dermatoskopie\"},{\"@type\":\"BreadcrumbList\",\"@id\":\"https:\/\/hautarzt-moedling.at\/index.php\/leistungsspektrum\/#breadcrumb\",\"itemListElement\":[{\"@type\":\"ListItem\",\"position\":1,\"name\":\"Startseite\",\"item\":\"https:\/\/hautarzt-moedling.at\/\"},{\"@type\":\"ListItem\",\"position\":2,\"name\":\"Unser Leistungsspektrum\"}]},{\"@type\":\"WebSite\",\"@id\":\"https:\/\/hautarzt-moedling.at\/#website\",\"url\":\"https:\/\/hautarzt-moedling.at\/\",\"name\":\"Hautarzt - 2340 M\u00f6dling\",\"description\":\"Ordination Dr. Michael ZLOCZOWER\",\"publisher\":{\"@id\":\"https:\/\/hautarzt-moedling.at\/#organization\"},\"potentialAction\":[{\"@type\":\"SearchAction\",\"target\":{\"@type\":\"EntryPoint\",\"urlTemplate\":\"https:\/\/hautarzt-moedling.at\/?s={search_term_string}\"},\"query-input\":{\"@type\":\"PropertyValueSpecification\",\"valueRequired\":true,\"valueName\":\"search_term_string\"}}],\"inLanguage\":\"de-AT\"},{\"@type\":\"Organization\",\"@id\":\"https:\/\/hautarzt-moedling.at\/#organization\",\"name\":\"Dr. Michael ZLOCZOWER\",\"url\":\"https:\/\/hautarzt-moedling.at\/\",\"logo\":{\"@type\":\"ImageObject\",\"inLanguage\":\"de-AT\",\"@id\":\"https:\/\/hautarzt-moedling.at\/#\/schema\/logo\/image\/\",\"url\":\"https:\/\/hautarzt-moedling.at\/wp-content\/uploads\/2024\/03\/Portraet-Dr-Zlowczower.jpg\",\"contentUrl\":\"https:\/\/hautarzt-moedling.at\/wp-content\/uploads\/2024\/03\/Portraet-Dr-Zlowczower.jpg\",\"width\":301,\"height\":447,\"caption\":\"Dr. Michael ZLOCZOWER\"},\"image\":{\"@id\":\"https:\/\/hautarzt-moedling.at\/#\/schema\/logo\/image\/\"}}]}<\/script>\n<!-- \/ Yoast SEO plugin. -->","yoast_head_json":{"title":"Unser Leistungsspektrum","description":"Zu meinem Leistungsspektrum geh\u00f6ren unter anderem: Dermatoskopie, Chirurgie, Kryotherapie, Phototherapie, Laser, Wundbehandlungen uvm.","robots":{"index":"index","follow":"follow","max-snippet":"max-snippet:-1","max-image-preview":"max-image-preview:large","max-video-preview":"max-video-preview:-1"},"canonical":"https:\/\/hautarzt-moedling.at\/index.php\/leistungsspektrum\/","og_locale":"de_DE","og_type":"article","og_title":"Unser Leistungsspektrum","og_description":"Zu meinem Leistungsspektrum geh\u00f6ren unter anderem: Dermatoskopie, Chirurgie, Kryotherapie, Phototherapie, Laser, Wundbehandlungen uvm.","og_url":"https:\/\/hautarzt-moedling.at\/index.php\/leistungsspektrum\/","og_site_name":"Hautarzt - 2340 M\u00f6dling","article_modified_time":"2025-02-13T14:16:12+00:00","og_image":[{"width":409,"height":273,"url":"https:\/\/hautarzt-moedling.at\/wp-content\/uploads\/2025\/02\/Mole-max-leer-720x720-1-e1739200008654-edited.jpg","type":"image\/jpeg"}],"twitter_card":"summary_large_image","twitter_misc":{"Gesch\u00e4tzte Lesezeit":"4 Minuten"},"schema":{"@context":"https:\/\/schema.org","@graph":[{"@type":"WebPage","@id":"https:\/\/hautarzt-moedling.at\/index.php\/leistungsspektrum\/","url":"https:\/\/hautarzt-moedling.at\/index.php\/leistungsspektrum\/","name":"Unser Leistungsspektrum","isPartOf":{"@id":"https:\/\/hautarzt-moedling.at\/#website"},"primaryImageOfPage":{"@id":"https:\/\/hautarzt-moedling.at\/index.php\/leistungsspektrum\/#primaryimage"},"image":{"@id":"https:\/\/hautarzt-moedling.at\/index.php\/leistungsspektrum\/#primaryimage"},"thumbnailUrl":"https:\/\/hautarzt-moedling.at\/wp-content\/uploads\/2025\/02\/Mole-max-leer-720x720-1-e1739200008654-edited.jpg","datePublished":"2024-03-28T11:44:28+00:00","dateModified":"2025-02-13T14:16:12+00:00","description":"Zu meinem Leistungsspektrum geh\u00f6ren unter anderem: Dermatoskopie, Chirurgie, Kryotherapie, Phototherapie, Laser, Wundbehandlungen uvm.","breadcrumb":{"@id":"https:\/\/hautarzt-moedling.at\/index.php\/leistungsspektrum\/#breadcrumb"},"inLanguage":"de-AT","potentialAction":[{"@type":"ReadAction","target":["https:\/\/hautarzt-moedling.at\/index.php\/leistungsspektrum\/"]}]},{"@type":"ImageObject","inLanguage":"de-AT","@id":"https:\/\/hautarzt-moedling.at\/index.php\/leistungsspektrum\/#primaryimage","url":"https:\/\/hautarzt-moedling.at\/wp-content\/uploads\/2025\/02\/Mole-max-leer-720x720-1-e1739200008654-edited.jpg","contentUrl":"https:\/\/hautarzt-moedling.at\/wp-content\/uploads\/2025\/02\/Mole-max-leer-720x720-1-e1739200008654-edited.jpg","width":409,"height":273,"caption":"Leistungsspektrum, Mole Max, Dermatoskopie"},{"@type":"BreadcrumbList","@id":"https:\/\/hautarzt-moedling.at\/index.php\/leistungsspektrum\/#breadcrumb","itemListElement":[{"@type":"ListItem","position":1,"name":"Startseite","item":"https:\/\/hautarzt-moedling.at\/"},{"@type":"ListItem","position":2,"name":"Unser Leistungsspektrum"}]},{"@type":"WebSite","@id":"https:\/\/hautarzt-moedling.at\/#website","url":"https:\/\/hautarzt-moedling.at\/","name":"Hautarzt - 2340 M\u00f6dling","description":"Ordination Dr. Michael ZLOCZOWER","publisher":{"@id":"https:\/\/hautarzt-moedling.at\/#organization"},"potentialAction":[{"@type":"SearchAction","target":{"@type":"EntryPoint","urlTemplate":"https:\/\/hautarzt-moedling.at\/?s={search_term_string}"},"query-input":{"@type":"PropertyValueSpecification","valueRequired":true,"valueName":"search_term_string"}}],"inLanguage":"de-AT"},{"@type":"Organization","@id":"https:\/\/hautarzt-moedling.at\/#organization","name":"Dr. Michael ZLOCZOWER","url":"https:\/\/hautarzt-moedling.at\/","logo":{"@type":"ImageObject","inLanguage":"de-AT","@id":"https:\/\/hautarzt-moedling.at\/#\/schema\/logo\/image\/","url":"https:\/\/hautarzt-moedling.at\/wp-content\/uploads\/2024\/03\/Portraet-Dr-Zlowczower.jpg","contentUrl":"https:\/\/hautarzt-moedling.at\/wp-content\/uploads\/2024\/03\/Portraet-Dr-Zlowczower.jpg","width":301,"height":447,"caption":"Dr. Michael ZLOCZOWER"},"image":{"@id":"https:\/\/hautarzt-moedling.at\/#\/schema\/logo\/image\/"}}]}},"_links":{"self":[{"href":"https:\/\/hautarzt-moedling.at\/index.php\/wp-json\/wp\/v2\/pages\/49","targetHints":{"allow":["GET"]}}],"collection":[{"href":"https:\/\/hautarzt-moedling.at\/index.php\/wp-json\/wp\/v2\/pages"}],"about":[{"href":"https:\/\/hautarzt-moedling.at\/index.php\/wp-json\/wp\/v2\/types\/page"}],"author":[{"embeddable":true,"href":"https:\/\/hautarzt-moedling.at\/index.php\/wp-json\/wp\/v2\/users\/2"}],"replies":[{"embeddable":true,"href":"https:\/\/hautarzt-moedling.at\/index.php\/wp-json\/wp\/v2\/comments?post=49"}],"version-history":[{"count":24,"href":"https:\/\/hautarzt-moedling.at\/index.php\/wp-json\/wp\/v2\/pages\/49\/revisions"}],"predecessor-version":[{"id":404,"href":"https:\/\/hautarzt-moedling.at\/index.php\/wp-json\/wp\/v2\/pages\/49\/revisions\/404"}],"wp:attachment":[{"href":"https:\/\/hautarzt-moedling.at\/index.php\/wp-json\/wp\/v2\/media?parent=49"}],"curies":[{"name":"wp","href":"https:\/\/api.w.org\/{rel}","templated":true}]}}